{"id":262,"date":"2020-03-30T19:54:06","date_gmt":"2020-03-30T17:54:06","guid":{"rendered":"https:\/\/partner.spillplaz.lu\/?page_id=262"},"modified":"2020-08-14T09:25:48","modified_gmt":"2020-08-14T07:25:48","slug":"event-premium","status":"publish","type":"page","link":"https:\/\/partner.spillplaz.lu\/de\/devenir-partenaire\/event-premium\/","title":{"rendered":"Event Premium"},"content":{"rendered":"\t\t<div data-elementor-type=\"wp-page\" data-elementor-id=\"262\" class=\"elementor elementor-262\" data-elementor-settings=\"[]\">\n\t\t\t\t\t\t<div class=\"elementor-inner\">\n\t\t\t\t\t\t\t<div class=\"elementor-section-wrap\">\n\t\t\t\t\t\t\t<section class=\"elementor-section elementor-top-section elementor-element elementor-element-1bf013cc elementor-section-full_width elementor-section-height-default elementor-section-height-default\" data-id=\"1bf013cc\" data-element_type=\"section\" data-settings=\"{&quot;background_background&quot;:&quot;classic&quot;,&quot;shape_divider_bottom&quot;:&quot;curve&quot;,&quot;background_motion_fx_motion_fx_scrolling&quot;:&quot;yes&quot;,&quot;background_motion_fx_blur_effect&quot;:&quot;yes&quot;,&quot;background_motion_fx_blur_direction&quot;:&quot;in-out&quot;,&quot;background_motion_fx_blur_level&quot;:{&quot;unit&quot;:&quot;px&quot;,&quot;size&quot;:15,&quot;sizes&quot;:[]},&quot;background_motion_fx_blur_range&quot;:{&quot;unit&quot;:&quot;%&quot;,&quot;size&quot;:&quot;&quot;,&quot;sizes&quot;:{&quot;start&quot;:39,&quot;end&quot;:64}},&quot;shape_divider_bottom_negative&quot;:&quot;yes&quot;,&quot;background_motion_fx_translateY_effect&quot;:&quot;yes&quot;,&quot;background_motion_fx_translateY_speed&quot;:{&quot;unit&quot;:&quot;px&quot;,&quot;size&quot;:4,&quot;sizes&quot;:[]},&quot;background_motion_fx_translateY_affectedRange&quot;:{&quot;unit&quot;:&quot;%&quot;,&quot;size&quot;:&quot;&quot;,&quot;sizes&quot;:{&quot;start&quot;:0,&quot;end&quot;:100}},&quot;background_motion_fx_devices&quot;:[&quot;desktop&quot;,&quot;tablet&quot;,&quot;mobile&quot;]}\">\n\t\t\t\t\t\t\t<div class=\"elementor-background-overlay\"><\/div>\n\t\t\t\t\t\t<div class=\"elementor-shape elementor-shape-bottom\" data-negative=\"true\">\n\t\t\t<svg xmlns=\"http:\/\/www.w3.org\/2000\/svg\" viewBox=\"0 0 1000 100\" preserveAspectRatio=\"none\">\n\t<path class=\"elementor-shape-fill\" d=\"M500,97C126.7,96.3,0.8,19.8,0,0v100l1000,0V1C1000,19.4,873.3,97.8,500,97z\"\/>\n<\/svg>\t\t<\/div>\n\t\t\t\t\t<div class=\"elementor-container elementor-column-gap-default\">\n\t\t\t\t\t\t\t<div class=\"elementor-row\">\n\t\t\t\t\t<div class=\"elementor-column elementor-col-100 elementor-top-column elementor-element elementor-element-17d4ab52\" data-id=\"17d4ab52\" data-element_type=\"column\" data-settings=\"{&quot;animation&quot;:&quot;none&quot;}\">\n\t\t\t<div class=\"elementor-column-wrap elementor-element-populated\">\n\t\t\t\t\t\t\t<div class=\"elementor-widget-wrap\">\n\t\t\t\t\t\t<div class=\"elementor-element elementor-element-1c5342e4 elementor-invisible elementor-widget elementor-widget-heading\" data-id=\"1c5342e4\" data-element_type=\"widget\" data-settings=\"{&quot;_animation&quot;:&quot;fadeIn&quot;,&quot;_animation_delay&quot;:400}\" data-widget_type=\"heading.default\">\n\t\t\t\t<div class=\"elementor-widget-container\">\n\t\t\t<h1 class=\"elementor-heading-title elementor-size-default\">Event Premium<\/h1>\t\t<\/div>\n\t\t\t\t<\/div>\n\t\t\t\t<div class=\"elementor-element elementor-element-27c75960 elementor-widget elementor-widget-spacer\" data-id=\"27c75960\" data-element_type=\"widget\" data-widget_type=\"spacer.default\">\n\t\t\t\t<div class=\"elementor-widget-container\">\n\t\t\t\t\t<div class=\"elementor-spacer\">\n\t\t\t<div class=\"elementor-spacer-inner\"><\/div>\n\t\t<\/div>\n\t\t\t\t<\/div>\n\t\t\t\t<\/div>\n\t\t\t\t\t\t<\/div>\n\t\t\t\t\t<\/div>\n\t\t<\/div>\n\t\t\t\t\t\t\t\t<\/div>\n\t\t\t\t\t<\/div>\n\t\t<\/section>\n\t\t\t\t<section class=\"elementor-section elementor-top-section elementor-element elementor-element-24dc065e elementor-section-boxed elementor-section-height-default elementor-section-height-default\" data-id=\"24dc065e\" data-element_type=\"section\" data-settings=\"{&quot;background_background&quot;:&quot;classic&quot;,&quot;shape_divider_bottom&quot;:&quot;tilt&quot;}\">\n\t\t\t\t\t<div class=\"elementor-shape elementor-shape-bottom\" data-negative=\"false\">\n\t\t\t<svg xmlns=\"http:\/\/www.w3.org\/2000\/svg\" viewBox=\"0 0 1000 100\" preserveAspectRatio=\"none\">\n\t<path class=\"elementor-shape-fill\" d=\"M0,6V0h1000v100L0,6z\"\/>\n<\/svg>\t\t<\/div>\n\t\t\t\t\t<div class=\"elementor-container elementor-column-gap-default\">\n\t\t\t\t\t\t\t<div class=\"elementor-row\">\n\t\t\t\t\t<div class=\"elementor-column elementor-col-50 elementor-top-column elementor-element elementor-element-598940ac\" data-id=\"598940ac\" data-element_type=\"column\">\n\t\t\t<div class=\"elementor-column-wrap elementor-element-populated\">\n\t\t\t\t\t\t\t<div class=\"elementor-widget-wrap\">\n\t\t\t\t\t\t<div class=\"elementor-element elementor-element-3778bbdf elementor-widget elementor-widget-heading\" data-id=\"3778bbdf\" data-element_type=\"widget\" data-widget_type=\"heading.default\">\n\t\t\t\t<div class=\"elementor-widget-container\">\n\t\t\t<h2 class=\"elementor-heading-title elementor-size-default\">Description<\/h2>\t\t<\/div>\n\t\t\t\t<\/div>\n\t\t\t\t<div class=\"elementor-element elementor-element-381a3b65 elementor-widget elementor-widget-text-editor\" data-id=\"381a3b65\" data-element_type=\"widget\" data-widget_type=\"text-editor.default\">\n\t\t\t\t<div class=\"elementor-widget-container\">\n\t\t\t\t\t\t\t\t<div class=\"elementor-text-editor elementor-clearfix\">\n\t\t\t\t<p>Le \u00ab Event Premium \u00bb est r\u00e9serv\u00e9 aux entreprises qui offrent une activit\u00e9 payante aux enfants avec une dur\u00e9e allant jusqu\u2019\u00e0 12 mois .<\/p><p>Gr\u00e2ce \u00e0 la visualisation de l\u2019\u00e9toile mauve, l\u2019utilisateur peut directement savoir o\u00f9 se trouve un \u00e9v\u00e9nement ou une activit\u00e9 pour enfants et peut aussi spontan\u00e9ment prendre la d\u00e9cision d\u2019y aller ou pas. L\u2019\u00e9v\u00e9nement est visualis\u00e9 7 jours sur 7.<\/p><p>En cliquant sur l\u2019\u00e9toile l\u2019utilisateur re\u00e7oit des informations comme : descriptif, adresse, photos, parking, mais aussi le num\u00e9ro t\u00e9l\u00e9phone si n\u00e9cessaire.<\/p><p>De plus, l\u2019activit\u00e9 est directement visible dans l\u2019agenda.<\/p><p>Vous recevez un login et vous pouvez modifier vos informations et les d\u00e9tails selon vos souhaits.<\/p>\t\t\t\t\t<\/div>\n\t\t\t\t\t\t<\/div>\n\t\t\t\t<\/div>\n\t\t\t\t\t\t<\/div>\n\t\t\t\t\t<\/div>\n\t\t<\/div>\n\t\t\t\t<div class=\"elementor-column elementor-col-50 elementor-top-column elementor-element elementor-element-66f1ee24\" data-id=\"66f1ee24\" data-element_type=\"column\">\n\t\t\t<div class=\"elementor-column-wrap elementor-element-populated\">\n\t\t\t\t\t\t\t<div class=\"elementor-widget-wrap\">\n\t\t\t\t\t\t<div class=\"elementor-element elementor-element-73e6d37 elementor-widget elementor-widget-image\" data-id=\"73e6d37\" data-element_type=\"widget\" data-settings=\"{&quot;motion_fx_motion_fx_scrolling&quot;:&quot;yes&quot;,&quot;motion_fx_translateY_effect&quot;:&quot;yes&quot;,&quot;motion_fx_translateY_speed&quot;:{&quot;unit&quot;:&quot;px&quot;,&quot;size&quot;:2,&quot;sizes&quot;:[]},&quot;motion_fx_translateY_affectedRange&quot;:{&quot;unit&quot;:&quot;%&quot;,&quot;size&quot;:&quot;&quot;,&quot;sizes&quot;:{&quot;start&quot;:0,&quot;end&quot;:100}},&quot;motion_fx_devices&quot;:[&quot;desktop&quot;,&quot;tablet&quot;,&quot;mobile&quot;]}\" data-widget_type=\"image.default\">\n\t\t\t\t<div class=\"elementor-widget-container\">\n\t\t\t\t\t\t\t\t<div class=\"elementor-image\">\n\t\t\t\t\t\t\t\t\t\t\t\t<img width=\"500\" height=\"500\" src=\"https:\/\/partner.spillplaz.lu\/wp-content\/uploads\/2020\/03\/Event_Star_Gold_standard123-1.png\" class=\"attachment-large size-large\" alt=\"\" loading=\"lazy\" srcset=\"https:\/\/partner.spillplaz.lu\/wp-content\/uploads\/2020\/03\/Event_Star_Gold_standard123-1.png 500w, https:\/\/partner.spillplaz.lu\/wp-content\/uploads\/2020\/03\/Event_Star_Gold_standard123-1-300x300.png 300w, https:\/\/partner.spillplaz.lu\/wp-content\/uploads\/2020\/03\/Event_Star_Gold_standard123-1-150x150.png 150w\" sizes=\"(max-width: 500px) 100vw, 500px\" \/>\t\t\t\t\t\t\t\t\t\t\t\t\t\t<\/div>\n\t\t\t\t\t\t<\/div>\n\t\t\t\t<\/div>\n\t\t\t\t\t\t<\/div>\n\t\t\t\t\t<\/div>\n\t\t<\/div>\n\t\t\t\t\t\t\t\t<\/div>\n\t\t\t\t\t<\/div>\n\t\t<\/section>\n\t\t\t\t<section class=\"elementor-section elementor-top-section elementor-element elementor-element-18f6ed4e elementor-section-boxed elementor-section-height-default elementor-section-height-default\" data-id=\"18f6ed4e\" data-element_type=\"section\" data-settings=\"{&quot;background_background&quot;:&quot;classic&quot;,&quot;shape_divider_bottom&quot;:&quot;tilt&quot;}\">\n\t\t\t\t\t<div class=\"elementor-shape elementor-shape-bottom\" data-negative=\"false\">\n\t\t\t<svg xmlns=\"http:\/\/www.w3.org\/2000\/svg\" viewBox=\"0 0 1000 100\" preserveAspectRatio=\"none\">\n\t<path class=\"elementor-shape-fill\" d=\"M0,6V0h1000v100L0,6z\"\/>\n<\/svg>\t\t<\/div>\n\t\t\t\t\t<div class=\"elementor-container elementor-column-gap-default\">\n\t\t\t\t\t\t\t<div class=\"elementor-row\">\n\t\t\t\t\t<div class=\"elementor-column elementor-col-100 elementor-top-column elementor-element elementor-element-2b00d7ee\" data-id=\"2b00d7ee\" data-element_type=\"column\">\n\t\t\t<div class=\"elementor-column-wrap elementor-element-populated\">\n\t\t\t\t\t\t\t<div class=\"elementor-widget-wrap\">\n\t\t\t\t\t\t<div class=\"elementor-element elementor-element-21b09e08 elementor-widget elementor-widget-heading\" data-id=\"21b09e08\" data-element_type=\"widget\" data-widget_type=\"heading.default\">\n\t\t\t\t<div class=\"elementor-widget-container\">\n\t\t\t<h2 class=\"elementor-heading-title elementor-size-default\">Int\u00e9ress\u00e9? Prenez contact avec nous!<\/h2>\t\t<\/div>\n\t\t\t\t<\/div>\n\t\t\t\t<section data-pafe-form-builder-repeater-form-id=\"contact\" data-pafe-form-builder-repeater-id=\"contact\" data-pafe-form-builder-repeater-label=\"Contact Form\" data-pafe-form-builder-repeater-limit=\"0\" class=\"elementor-section elementor-inner-section elementor-element elementor-element-bf0e749 elementor-section-full_width elementor-section-height-default elementor-section-height-default\" data-id=\"bf0e749\" data-element_type=\"section\">\n\t\t\t\t\t\t<div class=\"elementor-container elementor-column-gap-no\">\n\t\t\t\t\t\t\t<div class=\"elementor-row\">\n\t\t\t\t\t<div class=\"elementor-column elementor-col-100 elementor-inner-column elementor-element elementor-element-088be5a\" data-id=\"088be5a\" data-element_type=\"column\">\n\t\t\t<div class=\"elementor-column-wrap elementor-element-populated\">\n\t\t\t\t\t\t\t<div class=\"elementor-widget-wrap\">\n\t\t\t\t\t\t<div class=\"elementor-element elementor-element-341dd24 elementor-widget elementor-widget-text-editor\" data-id=\"341dd24\" data-element_type=\"widget\" data-widget_type=\"text-editor.default\">\n\t\t\t\t<div class=\"elementor-widget-container\">\n\t\t\t\t\t\t\t\t<div class=\"elementor-text-editor elementor-clearfix\">\n\t\t\t\t<p>Pour plus d\u2019informations ou prix pour cette formule, veuillez nous contacter \u00e0 travers le formulaire ci-dessus.<\/p>\t\t\t\t\t<\/div>\n\t\t\t\t\t\t<\/div>\n\t\t\t\t<\/div>\n\t\t\t\t<div class=\"elementor-element elementor-element-1386b10 elementor-widget elementor-widget-template\" data-id=\"1386b10\" data-element_type=\"widget\" data-widget_type=\"template.default\">\n\t\t\t\t<div class=\"elementor-widget-container\">\n\t\t\t\t\t<div class=\"elementor-template\">\n\t\t\t\t\t<div data-elementor-type=\"section\" data-elementor-id=\"387\" class=\"elementor elementor-387\" data-elementor-settings=\"[]\">\n\t\t<div class=\"elementor-section-wrap\">\n\t\t\t\t\t<section data-pafe-form-builder-repeater-form-id=\"contact\" data-pafe-form-builder-repeater-id=\"contact\" data-pafe-form-builder-repeater-label=\"Contact Form\" data-pafe-form-builder-repeater-limit=\"0\" class=\"elementor-section elementor-inner-section elementor-element elementor-element-722e55d8 elementor-section-full_width elementor-section-height-default elementor-section-height-default\" data-id=\"722e55d8\" data-element_type=\"section\">\n\t\t\t\t\t\t<div class=\"elementor-container elementor-column-gap-no\">\n\t\t\t\t\t\t\t<div class=\"elementor-row\">\n\t\t\t\t\t<div class=\"elementor-column elementor-col-100 elementor-inner-column elementor-element elementor-element-7a10639c\" data-id=\"7a10639c\" data-element_type=\"column\">\n\t\t\t<div class=\"elementor-column-wrap elementor-element-populated\">\n\t\t\t\t\t\t\t<div class=\"elementor-widget-wrap\">\n\t\t\t\t\t\t<div class=\"elementor-element elementor-element-21c1e3b3 elementor-widget elementor-widget-pafe-form-builder-field\" data-id=\"21c1e3b3\" data-element_type=\"widget\" data-widget_type=\"pafe-form-builder-field.default\">\n\t\t\t\t<div class=\"elementor-widget-container\">\n\t\t\t\t\t\r\n\t\t<div class=\"elementor-form-fields-wrapper elementor-labels-above\">\r\n\t\t\t<div class=\"elementor-field-type-hidden elementor-field-group elementor-column elementor-field-group-titel elementor-col-100\">\r\n\t\t\t\t<div data-pafe-form-builder-required><\/div><div class=\"pafe-field-container\"><input size=\"1\" class=\"elementor-field elementor-size- \" type=\"hidden\" name=\"form_fields[titel]\" id=\"form-field-titel\" autocomplete=\"off\" data-pafe-form-builder-default-value=\"\" data-pafe-form-builder-form-id=\"contact\"><\/div>\t\t\t<\/div>\r\n\t\t<\/div>\r\n\t\t\t<\/div>\n\t\t\t\t<\/div>\n\t\t\t\t<div class=\"elementor-element elementor-element-2d823871 elementor-widget elementor-widget-pafe-form-builder-field\" data-id=\"2d823871\" data-element_type=\"widget\" data-widget_type=\"pafe-form-builder-field.default\">\n\t\t\t\t<div class=\"elementor-widget-container\">\n\t\t\t\t\t\r\n\t\t<div class=\"elementor-form-fields-wrapper elementor-labels-above\">\r\n\t\t\t<div class=\"elementor-field-type-text elementor-field-group elementor-column elementor-field-group-name elementor-col-100 elementor-field-required\">\r\n\t\t\t\t<label style=\"display:none\" for=\"form-field-name\" class=\"elementor-field-label\">Nom<\/label><div data-pafe-form-builder-required><\/div><div class=\"pafe-field-container\"><input size=\"1\" class=\"elementor-field elementor-size- \" type=\"text\" name=\"form_fields[name]\" id=\"form-field-name\" placeholder=\"Nom\" autocomplete=\"on\" data-pafe-form-builder-default-value=\"\" required=\"required\" aria-required=\"true\" data-pafe-form-builder-form-id=\"contact\"><\/div>\t\t\t<\/div>\r\n\t\t<\/div>\r\n\t\t\t<\/div>\n\t\t\t\t<\/div>\n\t\t\t\t<div class=\"elementor-element elementor-element-7eb272f1 elementor-widget elementor-widget-pafe-form-builder-field\" data-id=\"7eb272f1\" data-element_type=\"widget\" data-widget_type=\"pafe-form-builder-field.default\">\n\t\t\t\t<div class=\"elementor-widget-container\">\n\t\t\t\t\t\r\n\t\t<div class=\"elementor-form-fields-wrapper elementor-labels-above\">\r\n\t\t\t<div class=\"elementor-field-type-email elementor-field-group elementor-column elementor-field-group-email elementor-col-100 elementor-field-required\">\r\n\t\t\t\t<label style=\"display:none\" for=\"form-field-email\" class=\"elementor-field-label\">Email<\/label><div data-pafe-form-builder-required><\/div><div class=\"pafe-field-container\"><input size=\"1\" class=\"elementor-field elementor-size- \" type=\"email\" name=\"form_fields[email]\" id=\"form-field-email\" placeholder=\"E-Mail\" autocomplete=\"on\" data-pafe-form-builder-default-value=\"\" required=\"required\" aria-required=\"true\" data-pafe-form-builder-form-id=\"contact\"><\/div>\t\t\t<\/div>\r\n\t\t<\/div>\r\n\t\t\t<\/div>\n\t\t\t\t<\/div>\n\t\t\t\t<div class=\"elementor-element elementor-element-50a99a65 elementor-widget elementor-widget-pafe-form-builder-field\" data-id=\"50a99a65\" data-element_type=\"widget\" data-widget_type=\"pafe-form-builder-field.default\">\n\t\t\t\t<div class=\"elementor-widget-container\">\n\t\t\t\t\t\r\n\t\t<div class=\"elementor-form-fields-wrapper elementor-labels-above\">\r\n\t\t\t<div class=\"elementor-field-type-tel elementor-field-group elementor-column elementor-field-group-tel elementor-col-100\">\r\n\t\t\t\t<label style=\"display:none\" for=\"form-field-tel\" class=\"elementor-field-label\">T\u00e9l\u00e9phone<\/label><div data-pafe-form-builder-required><\/div><div class=\"pafe-field-container\"><input size=\"1\" class=\"elementor-field elementor-size- \" type=\"tel\" name=\"form_fields[tel]\" id=\"form-field-tel\" placeholder=\"T\u00e9l\u00e9phone (optionnel)\" autocomplete=\"on\" data-pafe-form-builder-default-value=\"\" data-pafe-form-builder-form-id=\"contact\" pattern=\"[0-9()#&amp;+*-=.]+\" title=\"Nur Nummern oder Telefon-Zeichen (#, -, *, etc) werden akzeptiert.\"><\/div>\t\t\t<\/div>\r\n\t\t<\/div>\r\n\t\t\t<\/div>\n\t\t\t\t<\/div>\n\t\t\t\t<div class=\"elementor-element elementor-element-7719e7f1 elementor-widget elementor-widget-pafe-form-builder-field\" data-id=\"7719e7f1\" data-element_type=\"widget\" data-widget_type=\"pafe-form-builder-field.default\">\n\t\t\t\t<div class=\"elementor-widget-container\">\n\t\t\t\t\t\r\n\t\t<div class=\"elementor-form-fields-wrapper elementor-labels-above\">\r\n\t\t\t<div class=\"elementor-field-type-textarea elementor-field-group elementor-column elementor-field-group-message elementor-col-100\">\r\n\t\t\t\t<label style=\"display:none\" for=\"form-field-message\" class=\"elementor-field-label\">Message<\/label><div data-pafe-form-builder-required><\/div><div class=\"pafe-field-container\"><textarea class=\"elementor-field-textual elementor-field  elementor-size-\" name=\"form_fields[message]\" id=\"form-field-message\" rows=\"6\" placeholder=\"Votre message....\" data-pafe-form-builder-default-value=\"\" data-pafe-form-builder-form-id=\"contact\"><\/textarea><\/div>\t\t\t<\/div>\r\n\t\t<\/div>\r\n\t\t\t<\/div>\n\t\t\t\t<\/div>\n\t\t\t\t<div class=\"elementor-element elementor-element-5b76b0dd elementor-align-justify elementor-widget elementor-widget-pafe-form-builder-submit\" data-id=\"5b76b0dd\" data-element_type=\"widget\" data-widget_type=\"pafe-form-builder-submit.default\">\n\t\t\t\t<div class=\"elementor-widget-container\">\n\t\t\t\t\t<input type=\"hidden\" name=\"post_id\" value=\"262\" data-pafe-form-builder-hidden-form-id=\"contact\"\/>\r\n\t\t<input type=\"hidden\" name=\"form_id\" value=\"5b76b0dd\" data-pafe-form-builder-hidden-form-id=\"contact\"\/>\r\n\t\t<input type=\"hidden\" name=\"remote_ip\" value=\"216.73.216.167\" data-pafe-form-builder-hidden-form-id=\"contact\"\/>\r\n\r\n\t\t\r\n\t\t\r\n\t\t\r\n\t\t\r\n\t\t<div class=\"elementor-button-wrapper\">\r\n\t\t\t<button class=\"elementor-button pafe-form-builder-button elementor-size-sm\" role=\"button\" data-pafe-form-builder-required-text=\"Ce champ est n\u00e9cessaire.\" data-pafe-form-builder-submit-form-id=\"contact\">\r\n\t\t\t\t\t\t<span class=\"elementor-button-content-wrapper\">\r\n\t\t\t<span class=\"elementor-button-text elementor-form-spinner\"><i class=\"fa fa-spinner fa-spin\"><\/i><\/span>\r\n\t\t\t\t\t\t<span class=\"elementor-button-text\">Envoyer<\/span>\r\n\t\t<\/span>\r\n\t\t\t\t\t<\/button>\r\n\t\t<\/div>\r\n\r\n\t\t\r\n\t\t\t\t\t\t\r\n\t\t\t\t<div id=\"pafe-form-builder-trigger-success-contact\" data-pafe-form-builder-trigger-success=\"contact\" style=\"display: none\"><\/div>\r\n\t\t<div id=\"pafe-form-builder-trigger-failed-contact\" data-pafe-form-builder-trigger-failed=\"contact\" style=\"display: none\"><\/div>\r\n\t\t<div class=\"pafe-form-builder-alert pafe-form-builder-alert--mail\">\r\n\t\t\t<div class=\"elementor-message elementor-message-success\" role=\"alert\" data-pafe-form-builder-message=\"Le message a \u00e9t\u00e9 envoy\u00e9 avec succ\u00e8s.\">Le message a \u00e9t\u00e9 envoy\u00e9 avec succ\u00e8s.<\/div>\r\n\t\t\t<div class=\"elementor-message elementor-message-danger\" role=\"alert\" data-pafe-form-builder-message=\" Une erreur s'est produite...\"> Une erreur s'est produite...<\/div>\r\n\t\t\t<!-- <div class=\"elementor-message elementor-help-inline\" role=\"alert\">Server error. Form not sent.<\/div> -->\r\n\t\t<\/div>\r\n\t\t\t\t\t\t<\/div>\n\t\t\t\t<\/div>\n\t\t\t\t\t\t<\/div>\n\t\t\t\t\t<\/div>\n\t\t<\/div>\n\t\t\t\t\t\t\t\t<\/div>\n\t\t\t\t\t<\/div>\n\t\t<\/section>\n\t\t\t\t<\/div>\n\t\t<\/div>\n\t\t\t\t<\/div>\n\t\t\t\t<\/div>\n\t\t\t\t<\/div>\n\t\t\t\t\t\t<\/div>\n\t\t\t\t\t<\/div>\n\t\t<\/div>\n\t\t\t\t\t\t\t\t<\/div>\n\t\t\t\t\t<\/div>\n\t\t<\/section>\n\t\t\t\t\t\t<\/div>\n\t\t\t\t\t<\/div>\n\t\t<\/div>\n\t\t\t\t\t\t\t\t<\/div>\n\t\t\t\t\t<\/div>\n\t\t<\/section>\n\t\t\t\t\t\t<\/div>\n\t\t\t\t\t\t<\/div>\n\t\t\t\t\t<\/div>\n\t\t","protected":false},"excerpt":{"rendered":"<p>Event Premium Description Le \u00ab Event Premium \u00bb est r\u00e9serv\u00e9 aux entreprises qui offrent une activit\u00e9 payante aux enfants avec une dur\u00e9e allant jusqu\u2019\u00e0 12 mois . Gr\u00e2ce \u00e0 la visualisation de l\u2019\u00e9toile mauve, l\u2019utilisateur peut directement savoir o\u00f9 se trouve un \u00e9v\u00e9nement ou une activit\u00e9 pour enfants et peut aussi spontan\u00e9ment prendre la d\u00e9cision [&hellip;]<\/p>\n","protected":false},"author":2,"featured_media":0,"parent":135,"menu_order":0,"comment_status":"closed","ping_status":"closed","template":"","meta":[],"_links":{"self":[{"href":"https:\/\/partner.spillplaz.lu\/de\/wp-json\/wp\/v2\/pages\/262"}],"collection":[{"href":"https:\/\/partner.spillplaz.lu\/de\/wp-json\/wp\/v2\/pages"}],"about":[{"href":"https:\/\/partner.spillplaz.lu\/de\/wp-json\/wp\/v2\/types\/page"}],"author":[{"embeddable":true,"href":"https:\/\/partner.spillplaz.lu\/de\/wp-json\/wp\/v2\/users\/2"}],"replies":[{"embeddable":true,"href":"https:\/\/partner.spillplaz.lu\/de\/wp-json\/wp\/v2\/comments?post=262"}],"version-history":[{"count":26,"href":"https:\/\/partner.spillplaz.lu\/de\/wp-json\/wp\/v2\/pages\/262\/revisions"}],"predecessor-version":[{"id":845,"href":"https:\/\/partner.spillplaz.lu\/de\/wp-json\/wp\/v2\/pages\/262\/revisions\/845"}],"up":[{"embeddable":true,"href":"https:\/\/partner.spillplaz.lu\/de\/wp-json\/wp\/v2\/pages\/135"}],"wp:attachment":[{"href":"https:\/\/partner.spillplaz.lu\/de\/wp-json\/wp\/v2\/media?parent=262"}],"curies":[{"name":"wp","href":"https:\/\/api.w.org\/{rel}","templated":true}]}}