{"id":537,"date":"2020-04-03T16:27:12","date_gmt":"2020-04-03T14:27:12","guid":{"rendered":"https:\/\/partner.spillplaz.lu\/?page_id=537"},"modified":"2020-08-19T09:37:07","modified_gmt":"2020-08-19T07:37:07","slug":"360-walkthrough","status":"publish","type":"page","link":"https:\/\/partner.spillplaz.lu\/en\/devenir-partenaire\/360-walkthrough\/","title":{"rendered":"360\u00b0 Walkthrough"},"content":{"rendered":"\t\t<div data-elementor-type=\"wp-page\" data-elementor-id=\"537\" class=\"elementor elementor-537\" data-elementor-settings=\"[]\">\n\t\t\t\t\t\t<div class=\"elementor-inner\">\n\t\t\t\t\t\t\t<div class=\"elementor-section-wrap\">\n\t\t\t\t\t\t\t<section class=\"elementor-section elementor-top-section elementor-element elementor-element-9443e85 elementor-section-full_width elementor-section-height-default elementor-section-height-default\" data-id=\"9443e85\" data-element_type=\"section\" data-settings=\"{&quot;background_background&quot;:&quot;classic&quot;,&quot;shape_divider_bottom&quot;:&quot;curve&quot;,&quot;background_motion_fx_motion_fx_scrolling&quot;:&quot;yes&quot;,&quot;background_motion_fx_blur_direction&quot;:&quot;in-out&quot;,&quot;background_motion_fx_blur_level&quot;:{&quot;unit&quot;:&quot;px&quot;,&quot;size&quot;:15,&quot;sizes&quot;:[]},&quot;background_motion_fx_blur_range&quot;:{&quot;unit&quot;:&quot;%&quot;,&quot;size&quot;:&quot;&quot;,&quot;sizes&quot;:{&quot;start&quot;:69,&quot;end&quot;:100}},&quot;shape_divider_bottom_negative&quot;:&quot;yes&quot;,&quot;background_motion_fx_translateY_effect&quot;:&quot;yes&quot;,&quot;background_motion_fx_blur_effect&quot;:&quot;yes&quot;,&quot;background_motion_fx_translateY_speed&quot;:{&quot;unit&quot;:&quot;px&quot;,&quot;size&quot;:3.4,&quot;sizes&quot;:[]},&quot;background_motion_fx_translateY_affectedRange&quot;:{&quot;unit&quot;:&quot;%&quot;,&quot;size&quot;:&quot;&quot;,&quot;sizes&quot;:{&quot;start&quot;:0,&quot;end&quot;:100}},&quot;background_motion_fx_devices&quot;:[&quot;desktop&quot;,&quot;tablet&quot;,&quot;mobile&quot;]}\">\n\t\t\t\t\t\t\t<div class=\"elementor-background-overlay\"><\/div>\n\t\t\t\t\t\t<div class=\"elementor-shape elementor-shape-bottom\" data-negative=\"true\">\n\t\t\t<svg xmlns=\"http:\/\/www.w3.org\/2000\/svg\" viewBox=\"0 0 1000 100\" preserveAspectRatio=\"none\">\n\t<path class=\"elementor-shape-fill\" d=\"M500,97C126.7,96.3,0.8,19.8,0,0v100l1000,0V1C1000,19.4,873.3,97.8,500,97z\"\/>\n<\/svg>\t\t<\/div>\n\t\t\t\t\t<div class=\"elementor-container elementor-column-gap-default\">\n\t\t\t\t\t\t\t<div class=\"elementor-row\">\n\t\t\t\t\t<div class=\"elementor-column elementor-col-100 elementor-top-column elementor-element elementor-element-42efb11\" data-id=\"42efb11\" data-element_type=\"column\" data-settings=\"{&quot;animation&quot;:&quot;none&quot;}\">\n\t\t\t<div class=\"elementor-column-wrap elementor-element-populated\">\n\t\t\t\t\t\t\t<div class=\"elementor-widget-wrap\">\n\t\t\t\t\t\t<div class=\"elementor-element elementor-element-3a6113d elementor-invisible elementor-widget elementor-widget-heading\" data-id=\"3a6113d\" data-element_type=\"widget\" data-settings=\"{&quot;_animation&quot;:&quot;fadeIn&quot;,&quot;_animation_delay&quot;:400}\" data-widget_type=\"heading.default\">\n\t\t\t\t<div class=\"elementor-widget-container\">\n\t\t\t<h1 class=\"elementor-heading-title elementor-size-default\">360\u00b0 Walkthrough<\/h1>\t\t<\/div>\n\t\t\t\t<\/div>\n\t\t\t\t<div class=\"elementor-element elementor-element-16de22d elementor-invisible elementor-widget elementor-widget-heading\" data-id=\"16de22d\" data-element_type=\"widget\" data-settings=\"{&quot;_animation&quot;:&quot;fadeIn&quot;,&quot;_animation_delay&quot;:600}\" data-widget_type=\"heading.default\">\n\t\t\t\t<div class=\"elementor-widget-container\">\n\t\t\t<h2 class=\"elementor-heading-title elementor-size-default\">Available now!<\/h2>\t\t<\/div>\n\t\t\t\t<\/div>\n\t\t\t\t<div class=\"elementor-element elementor-element-89b2294 elementor-widget elementor-widget-spacer\" data-id=\"89b2294\" data-element_type=\"widget\" data-widget_type=\"spacer.default\">\n\t\t\t\t<div class=\"elementor-widget-container\">\n\t\t\t\t\t<div class=\"elementor-spacer\">\n\t\t\t<div class=\"elementor-spacer-inner\"><\/div>\n\t\t<\/div>\n\t\t\t\t<\/div>\n\t\t\t\t<\/div>\n\t\t\t\t\t\t<\/div>\n\t\t\t\t\t<\/div>\n\t\t<\/div>\n\t\t\t\t\t\t\t\t<\/div>\n\t\t\t\t\t<\/div>\n\t\t<\/section>\n\t\t\t\t<section class=\"elementor-section elementor-top-section elementor-element elementor-element-315e60b elementor-section-boxed elementor-section-height-default elementor-section-height-default\" data-id=\"315e60b\" data-element_type=\"section\" data-settings=\"{&quot;background_background&quot;:&quot;classic&quot;}\">\n\t\t\t\t\t\t<div class=\"elementor-container elementor-column-gap-default\">\n\t\t\t\t\t\t\t<div class=\"elementor-row\">\n\t\t\t\t\t<div class=\"elementor-column elementor-col-100 elementor-top-column elementor-element elementor-element-2f5aac0\" data-id=\"2f5aac0\" data-element_type=\"column\">\n\t\t\t<div class=\"elementor-column-wrap elementor-element-populated\">\n\t\t\t\t\t\t\t<div class=\"elementor-widget-wrap\">\n\t\t\t\t\t\t<div class=\"elementor-element elementor-element-58d9048 elementor-widget elementor-widget-heading\" data-id=\"58d9048\" data-element_type=\"widget\" data-widget_type=\"heading.default\">\n\t\t\t\t<div class=\"elementor-widget-container\">\n\t\t\t<h2 class=\"elementor-heading-title elementor-size-default\">Description<\/h2>\t\t<\/div>\n\t\t\t\t<\/div>\n\t\t\t\t<div class=\"elementor-element elementor-element-2ae618b elementor-widget elementor-widget-text-editor\" data-id=\"2ae618b\" data-element_type=\"widget\" data-widget_type=\"text-editor.default\">\n\t\t\t\t<div class=\"elementor-widget-container\">\n\t\t\t\t\t\t\t\t<div class=\"elementor-text-editor elementor-clearfix\">\n\t\t\t\t<p>La technologie actuelle nous offre d\u00e9sormais la possibilit\u00e9 de pouvoir prendre des images en 360 degr\u00e9s. Mais aussi de se d\u00e9placer dans un espace virtuel, ce qui correspond aux attentes des clients.<\/p><p>Gr\u00e2ce \u00e0 notre service photos 360 degr\u00e9s, nous pouvons d\u00e9sormais vous cr\u00e9er une visite virtuelle de votre aire de jeux ext\u00e9rieure ou int\u00e9rieure qui pourra \u00eatre impl\u00e9ment\u00e9e sur Spillplaz.lu, ainsi que le droit d\u2019utilisation pour l\u2019afficher sur votre site.<\/p><p>La formule Photos 360\u00b0 peut \u00e9galement \u00eatre combin\u00e9e avec la formule Gold Pin r\u00e9serv\u00e9e aux aires de jeux int\u00e9rieures pour ainsi avoir une meilleure promotion du local. Elle est \u00e9galement int\u00e9ressante pour les mairies qui peuvent promouvoir leurs aires de jeux sur leurs propres sites internet communaux en plus de leur pr\u00e9sence sur Spillplaz.lu<\/p>\t\t\t\t\t<\/div>\n\t\t\t\t\t\t<\/div>\n\t\t\t\t<\/div>\n\t\t\t\t\t\t<\/div>\n\t\t\t\t\t<\/div>\n\t\t<\/div>\n\t\t\t\t\t\t\t\t<\/div>\n\t\t\t\t\t<\/div>\n\t\t<\/section>\n\t\t\t\t<section class=\"elementor-section elementor-top-section elementor-element elementor-element-20d1e29 elementor-section-boxed elementor-section-height-default elementor-section-height-default\" data-id=\"20d1e29\" data-element_type=\"section\" data-settings=\"{&quot;background_background&quot;:&quot;classic&quot;,&quot;shape_divider_bottom&quot;:&quot;tilt&quot;}\">\n\t\t\t\t\t<div class=\"elementor-shape elementor-shape-bottom\" data-negative=\"false\">\n\t\t\t<svg xmlns=\"http:\/\/www.w3.org\/2000\/svg\" viewBox=\"0 0 1000 100\" preserveAspectRatio=\"none\">\n\t<path class=\"elementor-shape-fill\" d=\"M0,6V0h1000v100L0,6z\"\/>\n<\/svg>\t\t<\/div>\n\t\t\t\t\t<div class=\"elementor-container elementor-column-gap-default\">\n\t\t\t\t\t\t\t<div class=\"elementor-row\">\n\t\t\t\t\t<div class=\"elementor-column elementor-col-100 elementor-top-column elementor-element elementor-element-cce25cb\" data-id=\"cce25cb\" data-element_type=\"column\">\n\t\t\t<div class=\"elementor-column-wrap elementor-element-populated\">\n\t\t\t\t\t\t\t<div class=\"elementor-widget-wrap\">\n\t\t\t\t\t\t<div class=\"elementor-element elementor-element-b3f3acb elementor-widget elementor-widget-heading\" data-id=\"b3f3acb\" data-element_type=\"widget\" data-widget_type=\"heading.default\">\n\t\t\t\t<div class=\"elementor-widget-container\">\n\t\t\t<h2 class=\"elementor-heading-title elementor-size-default\">Exemple: L'aire de jeux \u00e0 Roeser<\/h2>\t\t<\/div>\n\t\t\t\t<\/div>\n\t\t\t\t<div class=\"elementor-element elementor-element-6e95de8 elementor-widget elementor-widget-html\" data-id=\"6e95de8\" data-element_type=\"widget\" data-widget_type=\"html.default\">\n\t\t\t\t<div class=\"elementor-widget-container\">\n\t\t\t<script src=\"https:\/\/static.kuula.io\/embed.js\" data-kuula=\"https:\/\/kuula.co\/share\/collection\/7lqt0?fs=1&vr=1&sd=1&autorotate=0.16&autop=10&thumbs=-1&chromeless=1&logo=1&logosize=160\" data-width=\"100%\" data-height=\"640px\"><\/script>\t\t<\/div>\n\t\t\t\t<\/div>\n\t\t\t\t<div class=\"elementor-element elementor-element-704fb90 elementor-align-center elementor-widget elementor-widget-button\" data-id=\"704fb90\" data-element_type=\"widget\" data-widget_type=\"button.default\">\n\t\t\t\t<div class=\"elementor-widget-container\">\n\t\t\t\t\t<div class=\"elementor-button-wrapper\">\n\t\t\t<a href=\"https:\/\/spillplaz.lu\/lb\/playgrounds\/424\" target=\"_blank\" class=\"elementor-button-link elementor-button elementor-size-sm\" role=\"button\">\n\t\t\t\t\t\t<span class=\"elementor-button-content-wrapper\">\n\t\t\t\t\t\t<span class=\"elementor-button-icon elementor-align-icon-right\">\n\t\t\t\t<i aria-hidden=\"true\" class=\"fas fa-external-link-alt\"><\/i>\t\t\t<\/span>\n\t\t\t\t\t\t<span class=\"elementor-button-text\">Regardez dans notre application<\/span>\n\t\t<\/span>\n\t\t\t\t\t<\/a>\n\t\t<\/div>\n\t\t\t\t<\/div>\n\t\t\t\t<\/div>\n\t\t\t\t\t\t<\/div>\n\t\t\t\t\t<\/div>\n\t\t<\/div>\n\t\t\t\t\t\t\t\t<\/div>\n\t\t\t\t\t<\/div>\n\t\t<\/section>\n\t\t\t\t<section class=\"elementor-section elementor-top-section elementor-element elementor-element-0f490ed elementor-section-boxed elementor-section-height-default elementor-section-height-default\" data-id=\"0f490ed\" data-element_type=\"section\" data-settings=\"{&quot;background_background&quot;:&quot;classic&quot;,&quot;shape_divider_bottom&quot;:&quot;tilt&quot;}\">\n\t\t\t\t\t<div class=\"elementor-shape elementor-shape-bottom\" data-negative=\"false\">\n\t\t\t<svg xmlns=\"http:\/\/www.w3.org\/2000\/svg\" viewBox=\"0 0 1000 100\" preserveAspectRatio=\"none\">\n\t<path class=\"elementor-shape-fill\" d=\"M0,6V0h1000v100L0,6z\"\/>\n<\/svg>\t\t<\/div>\n\t\t\t\t\t<div class=\"elementor-container elementor-column-gap-default\">\n\t\t\t\t\t\t\t<div class=\"elementor-row\">\n\t\t\t\t\t<div class=\"elementor-column elementor-col-100 elementor-top-column elementor-element elementor-element-1d0410b\" data-id=\"1d0410b\" data-element_type=\"column\">\n\t\t\t<div class=\"elementor-column-wrap elementor-element-populated\">\n\t\t\t\t\t\t\t<div class=\"elementor-widget-wrap\">\n\t\t\t\t\t\t<div class=\"elementor-element elementor-element-18235c1 elementor-widget elementor-widget-heading\" data-id=\"18235c1\" data-element_type=\"widget\" data-widget_type=\"heading.default\">\n\t\t\t\t<div class=\"elementor-widget-container\">\n\t\t\t<h2 class=\"elementor-heading-title elementor-size-default\">Int\u00e9ress\u00e9? Prenez contact avec nous!<\/h2>\t\t<\/div>\n\t\t\t\t<\/div>\n\t\t\t\t<section data-pafe-form-builder-repeater-form-id=\"contact\" data-pafe-form-builder-repeater-id=\"contact\" data-pafe-form-builder-repeater-label=\"Contact Form\" data-pafe-form-builder-repeater-limit=\"0\" class=\"elementor-section elementor-inner-section elementor-element elementor-element-10ac3c2 elementor-section-full_width elementor-section-height-default elementor-section-height-default\" data-id=\"10ac3c2\" data-element_type=\"section\">\n\t\t\t\t\t\t<div class=\"elementor-container elementor-column-gap-no\">\n\t\t\t\t\t\t\t<div class=\"elementor-row\">\n\t\t\t\t\t<div class=\"elementor-column elementor-col-100 elementor-inner-column elementor-element elementor-element-df9bc5a\" data-id=\"df9bc5a\" data-element_type=\"column\">\n\t\t\t<div class=\"elementor-column-wrap elementor-element-populated\">\n\t\t\t\t\t\t\t<div class=\"elementor-widget-wrap\">\n\t\t\t\t\t\t<div class=\"elementor-element elementor-element-8c6d0b5 elementor-widget elementor-widget-text-editor\" data-id=\"8c6d0b5\" data-element_type=\"widget\" data-widget_type=\"text-editor.default\">\n\t\t\t\t<div class=\"elementor-widget-container\">\n\t\t\t\t\t\t\t\t<div class=\"elementor-text-editor elementor-clearfix\">\n\t\t\t\t<p>Pour plus d\u2019informations, veuillez nous contacter \u00e0 travers le formulaire ci-dessus.<\/p>\t\t\t\t\t<\/div>\n\t\t\t\t\t\t<\/div>\n\t\t\t\t<\/div>\n\t\t\t\t<div class=\"elementor-element elementor-element-46267f1 elementor-widget elementor-widget-template\" data-id=\"46267f1\" data-element_type=\"widget\" data-widget_type=\"template.default\">\n\t\t\t\t<div class=\"elementor-widget-container\">\n\t\t\t\t\t<div class=\"elementor-template\">\n\t\t\t\t\t<div data-elementor-type=\"section\" data-elementor-id=\"387\" class=\"elementor elementor-387\" data-elementor-settings=\"[]\">\n\t\t<div class=\"elementor-section-wrap\">\n\t\t\t\t\t<section data-pafe-form-builder-repeater-form-id=\"contact\" data-pafe-form-builder-repeater-id=\"contact\" data-pafe-form-builder-repeater-label=\"Contact Form\" data-pafe-form-builder-repeater-limit=\"0\" class=\"elementor-section elementor-inner-section elementor-element elementor-element-722e55d8 elementor-section-full_width elementor-section-height-default elementor-section-height-default\" data-id=\"722e55d8\" data-element_type=\"section\">\n\t\t\t\t\t\t<div class=\"elementor-container elementor-column-gap-no\">\n\t\t\t\t\t\t\t<div class=\"elementor-row\">\n\t\t\t\t\t<div class=\"elementor-column elementor-col-100 elementor-inner-column elementor-element elementor-element-7a10639c\" data-id=\"7a10639c\" data-element_type=\"column\">\n\t\t\t<div class=\"elementor-column-wrap elementor-element-populated\">\n\t\t\t\t\t\t\t<div class=\"elementor-widget-wrap\">\n\t\t\t\t\t\t<div class=\"elementor-element elementor-element-21c1e3b3 elementor-widget elementor-widget-pafe-form-builder-field\" data-id=\"21c1e3b3\" data-element_type=\"widget\" data-widget_type=\"pafe-form-builder-field.default\">\n\t\t\t\t<div class=\"elementor-widget-container\">\n\t\t\t\t\t\r\n\t\t<div class=\"elementor-form-fields-wrapper elementor-labels-above\">\r\n\t\t\t<div class=\"elementor-field-type-hidden elementor-field-group elementor-column elementor-field-group-titel elementor-col-100\">\r\n\t\t\t\t<div data-pafe-form-builder-required><\/div><div class=\"pafe-field-container\"><input size=\"1\" class=\"elementor-field elementor-size- \" type=\"hidden\" name=\"form_fields[titel]\" id=\"form-field-titel\" autocomplete=\"off\" data-pafe-form-builder-default-value=\"\" data-pafe-form-builder-form-id=\"contact\"><\/div>\t\t\t<\/div>\r\n\t\t<\/div>\r\n\t\t\t<\/div>\n\t\t\t\t<\/div>\n\t\t\t\t<div class=\"elementor-element elementor-element-2d823871 elementor-widget elementor-widget-pafe-form-builder-field\" data-id=\"2d823871\" data-element_type=\"widget\" data-widget_type=\"pafe-form-builder-field.default\">\n\t\t\t\t<div class=\"elementor-widget-container\">\n\t\t\t\t\t\r\n\t\t<div class=\"elementor-form-fields-wrapper elementor-labels-above\">\r\n\t\t\t<div class=\"elementor-field-type-text elementor-field-group elementor-column elementor-field-group-name elementor-col-100 elementor-field-required\">\r\n\t\t\t\t<label style=\"display:none\" for=\"form-field-name\" class=\"elementor-field-label\">Nom<\/label><div data-pafe-form-builder-required><\/div><div class=\"pafe-field-container\"><input size=\"1\" class=\"elementor-field elementor-size- \" type=\"text\" name=\"form_fields[name]\" id=\"form-field-name\" placeholder=\"Nom\" autocomplete=\"on\" data-pafe-form-builder-default-value=\"\" required=\"required\" aria-required=\"true\" data-pafe-form-builder-form-id=\"contact\"><\/div>\t\t\t<\/div>\r\n\t\t<\/div>\r\n\t\t\t<\/div>\n\t\t\t\t<\/div>\n\t\t\t\t<div class=\"elementor-element elementor-element-7eb272f1 elementor-widget elementor-widget-pafe-form-builder-field\" data-id=\"7eb272f1\" data-element_type=\"widget\" data-widget_type=\"pafe-form-builder-field.default\">\n\t\t\t\t<div class=\"elementor-widget-container\">\n\t\t\t\t\t\r\n\t\t<div class=\"elementor-form-fields-wrapper elementor-labels-above\">\r\n\t\t\t<div class=\"elementor-field-type-email elementor-field-group elementor-column elementor-field-group-email elementor-col-100 elementor-field-required\">\r\n\t\t\t\t<label style=\"display:none\" for=\"form-field-email\" class=\"elementor-field-label\">Email<\/label><div data-pafe-form-builder-required><\/div><div class=\"pafe-field-container\"><input size=\"1\" class=\"elementor-field elementor-size- \" type=\"email\" name=\"form_fields[email]\" id=\"form-field-email\" placeholder=\"E-Mail\" autocomplete=\"on\" data-pafe-form-builder-default-value=\"\" required=\"required\" aria-required=\"true\" data-pafe-form-builder-form-id=\"contact\"><\/div>\t\t\t<\/div>\r\n\t\t<\/div>\r\n\t\t\t<\/div>\n\t\t\t\t<\/div>\n\t\t\t\t<div class=\"elementor-element elementor-element-50a99a65 elementor-widget elementor-widget-pafe-form-builder-field\" data-id=\"50a99a65\" data-element_type=\"widget\" data-widget_type=\"pafe-form-builder-field.default\">\n\t\t\t\t<div class=\"elementor-widget-container\">\n\t\t\t\t\t\r\n\t\t<div class=\"elementor-form-fields-wrapper elementor-labels-above\">\r\n\t\t\t<div class=\"elementor-field-type-tel elementor-field-group elementor-column elementor-field-group-tel elementor-col-100\">\r\n\t\t\t\t<label style=\"display:none\" for=\"form-field-tel\" class=\"elementor-field-label\">T\u00e9l\u00e9phone<\/label><div data-pafe-form-builder-required><\/div><div class=\"pafe-field-container\"><input size=\"1\" class=\"elementor-field elementor-size- \" type=\"tel\" name=\"form_fields[tel]\" id=\"form-field-tel\" placeholder=\"T\u00e9l\u00e9phone (optionnel)\" autocomplete=\"on\" data-pafe-form-builder-default-value=\"\" data-pafe-form-builder-form-id=\"contact\" pattern=\"[0-9()#&amp;+*-=.]+\" title=\"Only numbers and phone characters (#, -, *, etc) are accepted.\"><\/div>\t\t\t<\/div>\r\n\t\t<\/div>\r\n\t\t\t<\/div>\n\t\t\t\t<\/div>\n\t\t\t\t<div class=\"elementor-element elementor-element-7719e7f1 elementor-widget elementor-widget-pafe-form-builder-field\" data-id=\"7719e7f1\" data-element_type=\"widget\" data-widget_type=\"pafe-form-builder-field.default\">\n\t\t\t\t<div class=\"elementor-widget-container\">\n\t\t\t\t\t\r\n\t\t<div class=\"elementor-form-fields-wrapper elementor-labels-above\">\r\n\t\t\t<div class=\"elementor-field-type-textarea elementor-field-group elementor-column elementor-field-group-message elementor-col-100\">\r\n\t\t\t\t<label style=\"display:none\" for=\"form-field-message\" class=\"elementor-field-label\">Message<\/label><div data-pafe-form-builder-required><\/div><div class=\"pafe-field-container\"><textarea class=\"elementor-field-textual elementor-field  elementor-size-\" name=\"form_fields[message]\" id=\"form-field-message\" rows=\"6\" placeholder=\"Votre message....\" data-pafe-form-builder-default-value=\"\" data-pafe-form-builder-form-id=\"contact\"><\/textarea><\/div>\t\t\t<\/div>\r\n\t\t<\/div>\r\n\t\t\t<\/div>\n\t\t\t\t<\/div>\n\t\t\t\t<div class=\"elementor-element elementor-element-5b76b0dd elementor-align-justify elementor-widget elementor-widget-pafe-form-builder-submit\" data-id=\"5b76b0dd\" data-element_type=\"widget\" data-widget_type=\"pafe-form-builder-submit.default\">\n\t\t\t\t<div class=\"elementor-widget-container\">\n\t\t\t\t\t<input type=\"hidden\" name=\"post_id\" value=\"537\" data-pafe-form-builder-hidden-form-id=\"contact\"\/>\r\n\t\t<input type=\"hidden\" name=\"form_id\" value=\"5b76b0dd\" data-pafe-form-builder-hidden-form-id=\"contact\"\/>\r\n\t\t<input type=\"hidden\" name=\"remote_ip\" value=\"216.73.216.167\" data-pafe-form-builder-hidden-form-id=\"contact\"\/>\r\n\r\n\t\t\r\n\t\t\r\n\t\t\r\n\t\t\r\n\t\t<div class=\"elementor-button-wrapper\">\r\n\t\t\t<button class=\"elementor-button pafe-form-builder-button elementor-size-sm\" role=\"button\" data-pafe-form-builder-required-text=\"Ce champ est n\u00e9cessaire.\" data-pafe-form-builder-submit-form-id=\"contact\">\r\n\t\t\t\t\t\t<span class=\"elementor-button-content-wrapper\">\r\n\t\t\t<span class=\"elementor-button-text elementor-form-spinner\"><i class=\"fa fa-spinner fa-spin\"><\/i><\/span>\r\n\t\t\t\t\t\t<span class=\"elementor-button-text\">Envoyer<\/span>\r\n\t\t<\/span>\r\n\t\t\t\t\t<\/button>\r\n\t\t<\/div>\r\n\r\n\t\t\r\n\t\t\t\t\t\t\r\n\t\t\t\t<div id=\"pafe-form-builder-trigger-success-contact\" data-pafe-form-builder-trigger-success=\"contact\" style=\"display: none\"><\/div>\r\n\t\t<div id=\"pafe-form-builder-trigger-failed-contact\" data-pafe-form-builder-trigger-failed=\"contact\" style=\"display: none\"><\/div>\r\n\t\t<div class=\"pafe-form-builder-alert pafe-form-builder-alert--mail\">\r\n\t\t\t<div class=\"elementor-message elementor-message-success\" role=\"alert\" data-pafe-form-builder-message=\"Le message a \u00e9t\u00e9 envoy\u00e9 avec succ\u00e8s.\">Le message a \u00e9t\u00e9 envoy\u00e9 avec succ\u00e8s.<\/div>\r\n\t\t\t<div class=\"elementor-message elementor-message-danger\" role=\"alert\" data-pafe-form-builder-message=\" Une erreur s'est produite...\"> Une erreur s'est produite...<\/div>\r\n\t\t\t<!-- <div class=\"elementor-message elementor-help-inline\" role=\"alert\">Server error. Form not sent.<\/div> -->\r\n\t\t<\/div>\r\n\t\t\t\t\t\t<\/div>\n\t\t\t\t<\/div>\n\t\t\t\t\t\t<\/div>\n\t\t\t\t\t<\/div>\n\t\t<\/div>\n\t\t\t\t\t\t\t\t<\/div>\n\t\t\t\t\t<\/div>\n\t\t<\/section>\n\t\t\t\t<\/div>\n\t\t<\/div>\n\t\t\t\t<\/div>\n\t\t\t\t<\/div>\n\t\t\t\t<\/div>\n\t\t\t\t\t\t<\/div>\n\t\t\t\t\t<\/div>\n\t\t<\/div>\n\t\t\t\t\t\t\t\t<\/div>\n\t\t\t\t\t<\/div>\n\t\t<\/section>\n\t\t\t\t\t\t<\/div>\n\t\t\t\t\t<\/div>\n\t\t<\/div>\n\t\t\t\t\t\t\t\t<\/div>\n\t\t\t\t\t<\/div>\n\t\t<\/section>\n\t\t\t\t\t\t<\/div>\n\t\t\t\t\t\t<\/div>\n\t\t\t\t\t<\/div>\n\t\t","protected":false},"excerpt":{"rendered":"<p>360\u00b0 Walkthrough Available now! Description La technologie actuelle nous offre d\u00e9sormais la possibilit\u00e9 de pouvoir prendre des images en 360 degr\u00e9s. Mais aussi de se d\u00e9placer dans un espace virtuel, ce qui correspond aux attentes des clients. Gr\u00e2ce \u00e0 notre service photos 360 degr\u00e9s, nous pouvons d\u00e9sormais vous cr\u00e9er une visite virtuelle de votre aire [&hellip;]<\/p>\n","protected":false},"author":2,"featured_media":0,"parent":135,"menu_order":0,"comment_status":"closed","ping_status":"closed","template":"","meta":[],"_links":{"self":[{"href":"https:\/\/partner.spillplaz.lu\/en\/wp-json\/wp\/v2\/pages\/537"}],"collection":[{"href":"https:\/\/partner.spillplaz.lu\/en\/wp-json\/wp\/v2\/pages"}],"about":[{"href":"https:\/\/partner.spillplaz.lu\/en\/wp-json\/wp\/v2\/types\/page"}],"author":[{"embeddable":true,"href":"https:\/\/partner.spillplaz.lu\/en\/wp-json\/wp\/v2\/users\/2"}],"replies":[{"embeddable":true,"href":"https:\/\/partner.spillplaz.lu\/en\/wp-json\/wp\/v2\/comments?post=537"}],"version-history":[{"count":29,"href":"https:\/\/partner.spillplaz.lu\/en\/wp-json\/wp\/v2\/pages\/537\/revisions"}],"predecessor-version":[{"id":852,"href":"https:\/\/partner.spillplaz.lu\/en\/wp-json\/wp\/v2\/pages\/537\/revisions\/852"}],"up":[{"embeddable":true,"href":"https:\/\/partner.spillplaz.lu\/en\/wp-json\/wp\/v2\/pages\/135"}],"wp:attachment":[{"href":"https:\/\/partner.spillplaz.lu\/en\/wp-json\/wp\/v2\/media?parent=537"}],"curies":[{"name":"wp","href":"https:\/\/api.w.org\/{rel}","templated":true}]}}